{"id":102,"date":"2020-01-01T15:09:56","date_gmt":"2020-01-01T15:09:56","guid":{"rendered":"http:\/\/localhost\/demo\/?page_id=30"},"modified":"2022-11-11T04:18:10","modified_gmt":"2022-11-11T07:18:10","slug":"home","status":"publish","type":"page","link":"https:\/\/qridos.com\/bra\/","title":{"rendered":"Home"},"content":{"rendered":"\t\t<div data-elementor-type=\"wp-page\" data-elementor-id=\"102\" class=\"elementor elementor-102\">\n\t\t\t\t\t\t\t\t\t<section class=\"elementor-section elementor-top-section elementor-element elementor-element-41f7d14 elementor-section-boxed elementor-section-height-default elementor-section-height-default\" data-id=\"41f7d14\" data-element_type=\"section\">\n\t\t\t\t\t\t<div class=\"elementor-container elementor-column-gap-default\">\n\t\t\t\t\t<div class=\"elementor-column elementor-col-50 elementor-top-column elementor-element elementor-element-11ee913\" data-id=\"11ee913\" data-element_type=\"column\">\n\t\t\t<div class=\"elementor-widget-wrap elementor-element-populated\">\n\t\t\t\t\t\t\t\t<div class=\"elementor-element elementor-element-960b6f1 elementor-widget elementor-widget-image\" data-id=\"960b6f1\" data-element_type=\"widget\" data-widget_type=\"image.default\">\n\t\t\t\t<div class=\"elementor-widget-container\">\n\t\t\t\t\t\t\t\t\t\t\t\t<figure class=\"wp-caption\">\n\t\t\t\t\t\t\t\t\t\t\t<a href=\"https:\/\/qridos.com\/bra\/wp-content\/uploads\/2022\/11\/placamodelo_news.png\">\n\t\t\t\t\t\t\t<img loading=\"lazy\" decoding=\"async\" width=\"800\" height=\"450\" src=\"https:\/\/qridos.com\/bra\/wp-content\/uploads\/2022\/11\/todacidade_capa.jpg\" class=\"attachment-large size-large\" alt=\"\" srcset=\"https:\/\/qridos.com\/bra\/wp-content\/uploads\/2022\/11\/todacidade_capa.jpg 800w, https:\/\/qridos.com\/bra\/wp-content\/uploads\/2022\/11\/todacidade_capa-300x169.jpg 300w, https:\/\/qridos.com\/bra\/wp-content\/uploads\/2022\/11\/todacidade_capa-768x432.jpg 768w, https:\/\/qridos.com\/bra\/wp-content\/uploads\/2022\/11\/todacidade_capa-600x338.jpg 600w\" sizes=\"auto, (max-width: 800px) 100vw, 800px\" \/>\t\t\t\t\t\t\t\t<\/a>\n\t\t\t\t\t\t\t\t\t\t\t<figcaption class=\"widget-image-caption wp-caption-text\">Clique na imagem de exemplo para ampliar a placa de a\u00e7o (30 x 40cm). Distribu\u00eddas pela cidade, ou nas institui\u00e7\u00f5es, podem ser lidas com celular e leitor de qrcode. As biografias ser\u00e3o conhecidas  nas cidades da rede.<\/figcaption>\n\t\t\t\t\t\t\t\t\t\t<\/figure>\n\t\t\t\t\t\t\t\t\t<\/div>\n\t\t\t\t<\/div>\n\t\t\t\t\t<\/div>\n\t\t<\/div>\n\t\t\t\t<div class=\"elementor-column elementor-col-50 elementor-top-column elementor-element elementor-element-0a909eb\" data-id=\"0a909eb\" data-element_type=\"column\">\n\t\t\t<div class=\"elementor-widget-wrap elementor-element-populated\">\n\t\t\t\t\t\t\t\t<div class=\"elementor-element elementor-element-5e8daba elementor-widget elementor-widget-text-editor\" data-id=\"5e8daba\" data-element_type=\"widget\" data-widget_type=\"text-editor.default\">\n\t\t\t\t<div class=\"elementor-widget-container\">\n\t\t\t\t\t\t\t<h4><strong>Toda cidade tem seus Queridos para Sempre!<\/strong><\/h4><p>Pessoas de todas as origens, que passaram pela vida e entraram para a hist\u00f3ria. Gente que merece ser conhecida e admirada pelas futuras gera\u00e7\u00f5es, segundo crit\u00e9rios dos historiadores locais. Personalidades que se destacaram em suas \u00e1reas e em seus respectivos tempos, come\u00e7ando pelos fundadores da cidade, her\u00f3is, educadores, cientistas, inventores, empreendedores, benem\u00e9ritos, profissionais, esportistas, escritores, comunicadores e artistas da m\u00fasica, teatro, cinema, pintura\u2026<\/p><p><strong>A nova fase do Projeto Cultural Queridos para Sempre! inova na forma de fazer justi\u00e7a aos que escreveram a hist\u00f3ria das nossas cidades e n\u00e3o merecem ser esquecidos. Um Pr\u00eamio aos que fizeram a hist\u00f3ria do nosso lugar.<\/strong><\/p><p><strong><a href=\"https:\/\/qridos.com\/bra\/toda-cidade-ou-instituicao-tem-seus-queridos-para-sempre\/\" target=\"_blank\" rel=\"noopener\">Continua<\/a><\/strong>&#8230;<\/p>\t\t\t\t\t\t<\/div>\n\t\t\t\t<\/div>\n\t\t\t\t\t<\/div>\n\t\t<\/div>\n\t\t\t\t\t\t\t<\/div>\n\t\t<\/section>\n\t\t\t\t<section class=\"elementor-section elementor-top-section elementor-element elementor-element-f9ef383 elementor-section-stretched elementor-section-boxed elementor-section-height-default elementor-section-height-default\" data-id=\"f9ef383\" data-element_type=\"section\" data-settings=\"{&quot;stretch_section&quot;:&quot;section-stretched&quot;,&quot;background_background&quot;:&quot;classic&quot;}\">\n\t\t\t\t\t\t<div class=\"elementor-container elementor-column-gap-default\">\n\t\t\t\t\t<div class=\"elementor-column elementor-col-100 elementor-top-column elementor-element elementor-element-1e7a8a6\" data-id=\"1e7a8a6\" data-element_type=\"column\">\n\t\t\t<div class=\"elementor-widget-wrap\">\n\t\t\t\t\t\t\t\t\t<\/div>\n\t\t<\/div>\n\t\t\t\t\t\t\t<\/div>\n\t\t<\/section>\n\t\t\t\t\t\t\t<\/div>\n\t\t","protected":false},"excerpt":{"rendered":"<p>Clique na imagem de exemplo para ampliar a placa de a\u00e7o (30 x 40cm). Distribu\u00eddas pela cidade, ou nas institui\u00e7\u00f5es, podem ser lidas com celular e leitor de qrcode. As biografias ser\u00e3o conhecidas nas cidades da rede. Toda cidade tem seus Queridos para Sempre! Pessoas de todas as origens, que passaram pela vida e entraram [&hellip;]<\/p>\n","protected":false},"author":1,"featured_media":0,"parent":0,"menu_order":0,"comment_status":"closed","ping_status":"closed","template":"template-page-full-width.php","meta":{"footnotes":""},"class_list":["post-102","page","type-page","status-publish","hentry"],"_links":{"self":[{"href":"https:\/\/qridos.com\/bra\/wp-json\/wp\/v2\/pages\/102","targetHints":{"allow":["GET"]}}],"collection":[{"href":"https:\/\/qridos.com\/bra\/wp-json\/wp\/v2\/pages"}],"about":[{"href":"https:\/\/qridos.com\/bra\/wp-json\/wp\/v2\/types\/page"}],"author":[{"embeddable":true,"href":"https:\/\/qridos.com\/bra\/wp-json\/wp\/v2\/users\/1"}],"replies":[{"embeddable":true,"href":"https:\/\/qridos.com\/bra\/wp-json\/wp\/v2\/comments?post=102"}],"version-history":[{"count":256,"href":"https:\/\/qridos.com\/bra\/wp-json\/wp\/v2\/pages\/102\/revisions"}],"predecessor-version":[{"id":845,"href":"https:\/\/qridos.com\/bra\/wp-json\/wp\/v2\/pages\/102\/revisions\/845"}],"wp:attachment":[{"href":"https:\/\/qridos.com\/bra\/wp-json\/wp\/v2\/media?parent=102"}],"curies":[{"name":"wp","href":"https:\/\/api.w.org\/{rel}","templated":true}]}}