{"id":442,"date":"2021-05-22T22:03:55","date_gmt":"2021-05-23T01:03:55","guid":{"rendered":"https:\/\/qridos.com\/bra\/?page_id=442"},"modified":"2021-08-25T19:49:51","modified_gmt":"2021-08-25T22:49:51","slug":"sao-paulo-sp","status":"publish","type":"page","link":"https:\/\/qridos.com\/bra\/sao-paulo-sp\/","title":{"rendered":"S\u00e3o Paulo SP"},"content":{"rendered":"\t\t<div data-elementor-type=\"wp-page\" data-elementor-id=\"442\" class=\"elementor elementor-442\">\n\t\t\t\t\t\t\t\t\t<section class=\"elementor-section elementor-top-section elementor-element elementor-element-62c1a34 elementor-section-boxed elementor-section-height-default elementor-section-height-default\" data-id=\"62c1a34\" data-element_type=\"section\">\n\t\t\t\t\t\t<div class=\"elementor-container elementor-column-gap-default\">\n\t\t\t\t\t<div class=\"elementor-column elementor-col-100 elementor-top-column elementor-element elementor-element-5198dc4\" data-id=\"5198dc4\" data-element_type=\"column\">\n\t\t\t<div class=\"elementor-widget-wrap\">\n\t\t\t\t\t\t\t\t\t<\/div>\n\t\t<\/div>\n\t\t\t\t\t\t\t<\/div>\n\t\t<\/section>\n\t\t\t\t<section class=\"elementor-section elementor-top-section elementor-element elementor-element-0ef071b elementor-section-boxed elementor-section-height-default elementor-section-height-default\" data-id=\"0ef071b\" data-element_type=\"section\">\n\t\t\t\t\t\t<div class=\"elementor-container elementor-column-gap-default\">\n\t\t\t\t\t<div class=\"elementor-column elementor-col-33 elementor-top-column elementor-element elementor-element-154918d\" data-id=\"154918d\" data-element_type=\"column\">\n\t\t\t<div class=\"elementor-widget-wrap\">\n\t\t\t\t\t\t\t\t\t<\/div>\n\t\t<\/div>\n\t\t\t\t<div class=\"elementor-column elementor-col-33 elementor-top-column elementor-element elementor-element-406298b\" data-id=\"406298b\" data-element_type=\"column\">\n\t\t\t<div class=\"elementor-widget-wrap elementor-element-populated\">\n\t\t\t\t\t\t\t\t<div class=\"elementor-element elementor-element-e548185 elementor-widget elementor-widget-image\" data-id=\"e548185\" data-element_type=\"widget\" data-widget_type=\"image.default\">\n\t\t\t\t<div class=\"elementor-widget-container\">\n\t\t\t\t\t\t\t\t\t\t\t\t\t\t\t\t<a href=\"https:\/\/qridos.com\/bra\/location\/sao-paulo\/\">\n\t\t\t\t\t\t\t<img loading=\"lazy\" decoding=\"async\" width=\"350\" height=\"450\" src=\"https:\/\/qridos.com\/bra\/wp-content\/uploads\/2021\/05\/Brasao_da_cidade_de_Sao_Paulo.jpg\" class=\"attachment-large size-large\" alt=\"\" srcset=\"https:\/\/qridos.com\/bra\/wp-content\/uploads\/2021\/05\/Brasao_da_cidade_de_Sao_Paulo.jpg 350w, https:\/\/qridos.com\/bra\/wp-content\/uploads\/2021\/05\/Brasao_da_cidade_de_Sao_Paulo-233x300.jpg 233w\" sizes=\"auto, (max-width: 350px) 100vw, 350px\" \/>\t\t\t\t\t\t\t\t<\/a>\n\t\t\t\t\t\t\t\t\t\t\t\t\t\t\t<\/div>\n\t\t\t\t<\/div>\n\t\t\t\t\t<\/div>\n\t\t<\/div>\n\t\t\t\t<div class=\"elementor-column elementor-col-33 elementor-top-column elementor-element elementor-element-8aeb47b\" data-id=\"8aeb47b\" data-element_type=\"column\">\n\t\t\t<div class=\"elementor-widget-wrap\">\n\t\t\t\t\t\t\t\t\t<\/div>\n\t\t<\/div>\n\t\t\t\t\t\t\t<\/div>\n\t\t<\/section>\n\t\t\t\t<section class=\"elementor-section elementor-top-section elementor-element elementor-element-6ca286b elementor-section-boxed elementor-section-height-default elementor-section-height-default\" data-id=\"6ca286b\" data-element_type=\"section\">\n\t\t\t\t\t\t<div class=\"elementor-container elementor-column-gap-default\">\n\t\t\t\t\t<div class=\"elementor-column elementor-col-100 elementor-top-column elementor-element elementor-element-a613733\" data-id=\"a613733\" data-element_type=\"column\">\n\t\t\t<div class=\"elementor-widget-wrap elementor-element-populated\">\n\t\t\t\t\t\t\t\t<div class=\"elementor-element elementor-element-3f7797e elementor-widget elementor-widget-heading\" data-id=\"3f7797e\" data-element_type=\"widget\" data-widget_type=\"heading.default\">\n\t\t\t\t<div class=\"elementor-widget-container\">\n\t\t\t<h2 class=\"elementor-heading-title elementor-size-default\"><a href=\"https:\/\/qridos.com\/bra\/location\/sao-paulo\/\">Memorial Queridos para Sempre!<br\/>Homenagem da Cidade de S\u00e3o Paulo<\/a><\/h2>\t\t<\/div>\n\t\t\t\t<\/div>\n\t\t\t\t\t<\/div>\n\t\t<\/div>\n\t\t\t\t\t\t\t<\/div>\n\t\t<\/section>\n\t\t\t\t<section class=\"elementor-section elementor-top-section elementor-element elementor-element-355c5b55 elementor-section-boxed elementor-section-height-default elementor-section-height-default\" data-id=\"355c5b55\" data-element_type=\"section\">\n\t\t\t\t\t\t<div class=\"elementor-container elementor-column-gap-default\">\n\t\t\t\t\t<div class=\"elementor-column elementor-col-100 elementor-top-column elementor-element elementor-element-7cd05017\" data-id=\"7cd05017\" data-element_type=\"column\">\n\t\t\t<div class=\"elementor-widget-wrap elementor-element-populated\">\n\t\t\t\t\t\t\t\t<div class=\"elementor-element elementor-element-43380b73 elementor-widget elementor-widget-text-editor\" data-id=\"43380b73\" data-element_type=\"widget\" data-widget_type=\"text-editor.default\">\n\t\t\t\t<div class=\"elementor-widget-container\">\n\t\t\t\t\t\t\t<!-- wp:paragraph -->\n<p>Clique na imagem acima ou abaixo.<\/p>\n<p>Este \u00e9 um exemplo de mensagem. Este \u00e9 um exemplo de mensagem. Este \u00e9 um exemplo de mensagem. Este \u00e9 um exemplo de mensagem. Este \u00e9 um exemplo de mensagem. Este \u00e9 um exemplo de mensagem:<\/p>\n<p><!-- \/wp:paragraph --><!-- wp:quote --><\/p>\n<blockquote class=\"wp-block-quote\">\n<p>A hist\u00f3ria de cada v\u00edtima dessa trag\u00e9dia deve ser conhecida pelas futuras gera\u00e7\u00f5es, e compartilhada toda vez que parentes e amigos sentirem saudade, sem precisar ir aos cemit\u00e9rios. (Nome &#8211; Prefeito Municipal.)<\/p>\n<\/blockquote>\n<p><!-- \/wp:quote --><!-- wp:paragraph --><\/p>\n<p>Este \u00e9 um exemplo de mensagem.<\/p>\n<p><!-- \/wp:paragraph --><!-- wp:quote --><\/p>\n<blockquote class=\"wp-block-quote\">\n<p>O Memorial Queridos para Sempre! \u00e9 a melhor forma de fazer justi\u00e7a a quem escreveu seu nome no livro da vida, deixou boas lembran\u00e7as e n\u00e3o merece ser esquecido jamais. (Nome &#8211; Diretor Cemiterial.)<\/p>\n<\/blockquote>\n<p><!-- \/wp:quote --><!-- wp:paragraph --><\/p>\n<p>Este \u00e9 um exemplo de mensagem.<\/p>\n<!-- \/wp:paragraph -->\t\t\t\t\t\t<\/div>\n\t\t\t\t<\/div>\n\t\t\t\t\t<\/div>\n\t\t<\/div>\n\t\t\t\t\t\t\t<\/div>\n\t\t<\/section>\n\t\t\t\t<section class=\"elementor-section elementor-top-section elementor-element elementor-element-600945b elementor-section-boxed elementor-section-height-default elementor-section-height-default\" data-id=\"600945b\" data-element_type=\"section\">\n\t\t\t\t\t\t<div class=\"elementor-container elementor-column-gap-default\">\n\t\t\t\t\t<div class=\"elementor-column elementor-col-100 elementor-top-column elementor-element elementor-element-9e52beb\" data-id=\"9e52beb\" data-element_type=\"column\">\n\t\t\t<div class=\"elementor-widget-wrap elementor-element-populated\">\n\t\t\t\t\t\t\t\t<div class=\"elementor-element elementor-element-eaf91a2 elementor-widget elementor-widget-image\" data-id=\"eaf91a2\" data-element_type=\"widget\" data-widget_type=\"image.default\">\n\t\t\t\t<div class=\"elementor-widget-container\">\n\t\t\t\t\t\t\t\t\t\t\t\t\t\t\t\t<a href=\"https:\/\/qridos.com\/bra\/location\/sao-paulo\/\">\n\t\t\t\t\t\t\t<img loading=\"lazy\" decoding=\"async\" width=\"600\" height=\"279\" src=\"https:\/\/qridos.com\/bra\/wp-content\/uploads\/2021\/05\/marca.png\" class=\"attachment-large size-large\" alt=\"\" srcset=\"https:\/\/qridos.com\/bra\/wp-content\/uploads\/2021\/05\/marca.png 600w, https:\/\/qridos.com\/bra\/wp-content\/uploads\/2021\/05\/marca-300x140.png 300w\" sizes=\"auto, (max-width: 600px) 100vw, 600px\" \/>\t\t\t\t\t\t\t\t<\/a>\n\t\t\t\t\t\t\t\t\t\t\t\t\t\t\t<\/div>\n\t\t\t\t<\/div>\n\t\t\t\t\t<\/div>\n\t\t<\/div>\n\t\t\t\t\t\t\t<\/div>\n\t\t<\/section>\n\t\t\t\t<section class=\"elementor-section elementor-top-section elementor-element elementor-element-0d6ca44 elementor-section-boxed elementor-section-height-default elementor-section-height-default\" data-id=\"0d6ca44\" data-element_type=\"section\">\n\t\t\t\t\t\t<div class=\"elementor-container elementor-column-gap-default\">\n\t\t\t\t\t<div class=\"elementor-column elementor-col-100 elementor-top-column elementor-element elementor-element-f9b4360\" data-id=\"f9b4360\" data-element_type=\"column\">\n\t\t\t<div class=\"elementor-widget-wrap\">\n\t\t\t\t\t\t\t\t\t<\/div>\n\t\t<\/div>\n\t\t\t\t\t\t\t<\/div>\n\t\t<\/section>\n\t\t\t\t<section class=\"elementor-section elementor-top-section elementor-element elementor-element-1cee5bd elementor-section-boxed elementor-section-height-default elementor-section-height-default\" data-id=\"1cee5bd\" data-element_type=\"section\">\n\t\t\t\t\t\t<div class=\"elementor-container elementor-column-gap-default\">\n\t\t\t\t\t<div class=\"elementor-column elementor-col-100 elementor-top-column elementor-element elementor-element-7ab73b3\" data-id=\"7ab73b3\" data-element_type=\"column\">\n\t\t\t<div class=\"elementor-widget-wrap elementor-element-populated\">\n\t\t\t\t\t\t\t\t<div class=\"elementor-element elementor-element-4a7d545 elementor-widget elementor-widget-text-editor\" data-id=\"4a7d545\" data-element_type=\"widget\" data-widget_type=\"text-editor.default\">\n\t\t\t\t<div class=\"elementor-widget-container\">\n\t\t\t\t\t\t\t<p>Como incluir uma nova homenagem nesta cidade? Como atualizar informa\u00e7\u00f5es das p\u00e1ginas de homenageados? Como falar com a administra\u00e7\u00e3o do Memorial? Outras d\u00favidas? Fa\u00e7a <a href=\"mailto:memorial@qridos.com\">Contato<\/a><\/p>\t\t\t\t\t\t<\/div>\n\t\t\t\t<\/div>\n\t\t\t\t\t<\/div>\n\t\t<\/div>\n\t\t\t\t\t\t\t<\/div>\n\t\t<\/section>\n\t\t\t\t\t\t\t<\/div>\n\t\t","protected":false},"excerpt":{"rendered":"<p>Memorial Queridos para Sempre!Homenagem da Cidade de S\u00e3o Paulo Clique na imagem acima ou abaixo. Este \u00e9 um exemplo de mensagem. Este \u00e9 um exemplo de mensagem. Este \u00e9 um exemplo de mensagem. Este \u00e9 um exemplo de mensagem. Este \u00e9 um exemplo de mensagem. Este \u00e9 um exemplo de mensagem: A hist\u00f3ria de cada [&hellip;]<\/p>\n","protected":false},"author":1,"featured_media":287,"parent":0,"menu_order":0,"comment_status":"closed","ping_status":"open","template":"","meta":{"footnotes":""},"class_list":["post-442","page","type-page","status-publish","has-post-thumbnail","hentry"],"_links":{"self":[{"href":"https:\/\/qridos.com\/bra\/wp-json\/wp\/v2\/pages\/442","targetHints":{"allow":["GET"]}}],"collection":[{"href":"https:\/\/qridos.com\/bra\/wp-json\/wp\/v2\/pages"}],"about":[{"href":"https:\/\/qridos.com\/bra\/wp-json\/wp\/v2\/types\/page"}],"author":[{"embeddable":true,"href":"https:\/\/qridos.com\/bra\/wp-json\/wp\/v2\/users\/1"}],"replies":[{"embeddable":true,"href":"https:\/\/qridos.com\/bra\/wp-json\/wp\/v2\/comments?post=442"}],"version-history":[{"count":31,"href":"https:\/\/qridos.com\/bra\/wp-json\/wp\/v2\/pages\/442\/revisions"}],"predecessor-version":[{"id":700,"href":"https:\/\/qridos.com\/bra\/wp-json\/wp\/v2\/pages\/442\/revisions\/700"}],"wp:featuredmedia":[{"embeddable":true,"href":"https:\/\/qridos.com\/bra\/wp-json\/wp\/v2\/media\/287"}],"wp:attachment":[{"href":"https:\/\/qridos.com\/bra\/wp-json\/wp\/v2\/media?parent=442"}],"curies":[{"name":"wp","href":"https:\/\/api.w.org\/{rel}","templated":true}]}}